{"id":3,"date":"2020-10-29T22:37:55","date_gmt":"2020-10-29T21:37:55","guid":{"rendered":"https:\/\/dianajoao.pt\/?page_id=3"},"modified":"2023-08-15T01:31:36","modified_gmt":"2023-08-15T00:31:36","slug":"politica-de-privacidade","status":"publish","type":"page","link":"https:\/\/dianajoao.pt\/en\/politica-de-privacidade\/","title":{"rendered":"Privacy Policy"},"content":{"rendered":"<div data-elementor-type=\"wp-page\" data-elementor-id=\"3\" class=\"elementor elementor-3\">\n\t\t\t\t\t\t<section class=\"elementor-section elementor-top-section elementor-element elementor-element-d278316 elementor-section-boxed elementor-section-height-default elementor-section-height-default\" data-id=\"d278316\" data-element_type=\"section\">\n\t\t\t\t\t\t<div class=\"elementor-container elementor-column-gap-default\">\n\t\t\t\t\t<div class=\"elementor-column elementor-col-100 elementor-top-column elementor-element elementor-element-168b33f\" data-id=\"168b33f\" data-element_type=\"column\">\n\t\t\t<div class=\"elementor-widget-wrap elementor-element-populated\">\n\t\t\t\t\t\t<div class=\"elementor-element elementor-element-5f18a0e elementor-widget elementor-widget-heading\" data-id=\"5f18a0e\" data-element_type=\"widget\" data-widget_type=\"heading.default\">\n\t\t\t\t<div class=\"elementor-widget-container\">\n\t\t\t<h2 class=\"elementor-heading-title elementor-size-default\">Privacy Policy<\/h2>\t\t<\/div>\n\t\t\t\t<\/div>\n\t\t\t\t\t<\/div>\n\t\t<\/div>\n\t\t\t\t\t<\/div>\n\t\t<\/section>\n\t\t\t\t<section class=\"elementor-section elementor-top-section elementor-element elementor-element-65b91197 elementor-section-boxed elementor-section-height-default elementor-section-height-default\" data-id=\"65b91197\" data-element_type=\"section\">\n\t\t\t\t\t\t<div class=\"elementor-container elementor-column-gap-default\">\n\t\t\t\t\t<div class=\"elementor-column elementor-col-100 elementor-top-column elementor-element elementor-element-1536789c\" data-id=\"1536789c\" data-element_type=\"column\">\n\t\t\t<div class=\"elementor-widget-wrap elementor-element-populated\">\n\t\t\t\t\t\t<div class=\"elementor-element elementor-element-1a3acd3f elementor-widget elementor-widget-text-editor\" data-id=\"1a3acd3f\" data-element_type=\"widget\" data-widget_type=\"text-editor.default\">\n\t\t\t\t<div class=\"elementor-widget-container\">\n\t\t\t\t\t\t\t<!-- wp:heading -->\n<p><span class=\"VIiyi\" lang=\"pt\"><span class=\"JLqJ4b ChMk0b\" data-language-for-alternatives=\"pt\" data-language-to-translate-into=\"en\" data-phrase-index=\"0\" data-number-of-phrases=\"7\"><span class=\"Q4iAWc\">\u00a0\u00a0\u00a0 In accordance with the General Data Protection Regulation (RGPD), on the Diana Jo\u00e3o website, accessible from https:\/\/dianajoao.pt\/, one of our main priorities is the privacy of our visitors.<\/span><\/span> <span class=\"JLqJ4b ChMk0b\" data-language-for-alternatives=\"pt\" data-language-to-translate-into=\"en\" data-phrase-index=\"1\" data-number-of-phrases=\"7\"><span class=\"Q4iAWc\">This Privacy Policy document contains the types of information that is collected and recorded by this website and how we use it.<\/span><\/span><\/span><\/p>\n<p>\u00a0\u00a0 This website is also protected by reCAPTCHA and the <a href=\"https:\/\/policies.google.com\/privacy\">privacy policy<\/a> and <a href=\"https:\/\/policies.google.com\/terms\">terms of use<\/a> of Google.<\/p>\n<p><span class=\"VIiyi\" lang=\"pt\"><span class=\"JLqJ4b ChMk0b\" data-language-for-alternatives=\"pt\" data-language-to-translate-into=\"en\" data-phrase-index=\"3\" data-number-of-phrases=\"7\"><span class=\"Q4iAWc\">\u00a0\u00a0 If you have additional questions or need more information about our Privacy Policy, please do not hesitate to <a href=\"https:\/\/dianajoao.pt\/en\/#contacto\">contact us.<\/a>.<\/span><\/span> <\/span><\/p>\n<p>\u00a0<\/p>\n<h2>\u00a0\u00a0 Consent<\/h2>\n<p>\u00a0\u00a0 <span class=\"VIiyi\" lang=\"pt\"><span class=\"JLqJ4b ChMk0b\" data-language-for-alternatives=\"pt\" data-language-to-translate-into=\"en\" data-phrase-index=\"0\" data-number-of-phrases=\"1\"><span class=\"Q4iAWc\">By using our website, you hereby consent to our Privacy Policy.<\/span><\/span><\/span><\/p>\n<p>\u00a0<\/p>\n<h2>\u00a0\u00a0 Information we collect<\/h2>\n<p>\u00a0\u00a0 <span class=\"VIiyi\" lang=\"pt\"><span class=\"JLqJ4b ChMk0b\" data-language-for-alternatives=\"pt\" data-language-to-translate-into=\"en\" data-phrase-index=\"0\" data-number-of-phrases=\"1\"><span class=\"Q4iAWc\">The personal information that you are asked to provide, and the reasons why you are asked to provide it, will be made clear to you at the point we ask you to provide your personal information.<\/span><\/span><\/span><\/p>\n<p>\u00a0\u00a0 <span class=\"VIiyi\" lang=\"pt\"><span class=\"JLqJ4b ChMk0b\" data-language-for-alternatives=\"pt\" data-language-to-translate-into=\"en\" data-phrase-index=\"0\" data-number-of-phrases=\"1\"><span class=\"Q4iAWc\">If you contact us directly, we may receive additional information about you such as your name, email address, the contents of the message and\/or attachments you may send us, and any other information you may choose to provide.<\/span><\/span><\/span><\/p>\n<p>\u00a0<\/p>\n<h2>\u00a0\u00a0 How we use your information<\/h2>\n<p>\u00a0\u00a0 <span class=\"VIiyi\" lang=\"pt\"><span class=\"JLqJ4b ChMk0b\" data-language-for-alternatives=\"pt\" data-language-to-translate-into=\"en\" data-phrase-index=\"0\" data-number-of-phrases=\"1\"><span class=\"Q4iAWc\">We use the information we collect in various ways, including to:<\/span><\/span><\/span><\/p>\n<ul>\n<li><span class=\"VIiyi\" lang=\"pt\"><span class=\"JLqJ4b ChMk0b\" data-language-for-alternatives=\"pt\" data-language-to-translate-into=\"en\" data-phrase-index=\"0\" data-number-of-phrases=\"1\"><span class=\"Q4iAWc\">Provide, operate, and maintain our website;<\/span><\/span><\/span><\/li>\n<li><span class=\"VIiyi\" lang=\"pt\"><span class=\"JLqJ4b ChMk0b\" data-language-for-alternatives=\"pt\" data-language-to-translate-into=\"en\" data-phrase-index=\"0\" data-number-of-phrases=\"1\"><span class=\"Q4iAWc\">Improve, personalize, and expand our website<\/span><\/span><\/span>;<\/li>\n<li><span class=\"VIiyi\" lang=\"pt\"><span class=\"JLqJ4b ChMk0b\" data-language-for-alternatives=\"pt\" data-language-to-translate-into=\"en\" data-phrase-index=\"0\" data-number-of-phrases=\"1\"><span class=\"Q4iAWc\">Understand and analyze how you use our website;<\/span><\/span><\/span><\/li>\n<li><span class=\"VIiyi\" lang=\"pt\"><span class=\"JLqJ4b ChMk0b\" data-language-for-alternatives=\"pt\" data-language-to-translate-into=\"en\" data-phrase-index=\"0\" data-number-of-phrases=\"1\"><span class=\"Q4iAWc\">Develop new services, features, and functionality<\/span><\/span><\/span>;<\/li>\n<li>Send you emails;<\/li>\n<li>Find and prevent fraud.<\/li>\n<\/ul>\n<p>\u00a0<\/p>\n<h2>\u00a0\u00a0 Log Files<\/h2>\n<p>\u00a0\u00a0 <span class=\"VIiyi\" lang=\"pt\"><span class=\"JLqJ4b ChMk0b\" data-language-for-alternatives=\"pt\" data-language-to-translate-into=\"en\" data-phrase-index=\"2\" data-number-of-phrases=\"8\"><span class=\"Q4iAWc\">This website follows a standard procedure for using log files.<\/span><\/span> <span class=\"JLqJ4b ChMk0b\" data-language-for-alternatives=\"pt\" data-language-to-translate-into=\"en\" data-phrase-index=\"3\" data-number-of-phrases=\"8\"><span class=\"Q4iAWc\">Esses arquivos registam os visitantes quando eles visitam sites.<\/span><\/span> <span class=\"JLqJ4b ChMk0b\" data-language-for-alternatives=\"pt\" data-language-to-translate-into=\"en\" data-phrase-index=\"4\" data-number-of-phrases=\"8\"><span class=\"Q4iAWc\">All hosting companies do this and a part of hosting services\u2019 analytics.<\/span><\/span> <span class=\"JLqJ4b ChMk0b\" data-language-for-alternatives=\"pt\" data-language-to-translate-into=\"en\" data-phrase-index=\"5\" data-number-of-phrases=\"8\"><span class=\"Q4iAWc\">The information collected by log files include internet protocol (IP) addresses, browser type, device type, operating system, Internet Service Provider (ISP), date and time stamp, source search engines, pages visited and possibly the number of clicks, as well as a verification cookie file if you have already been informed about our privacy policy.<\/span><\/span> <span class=\"JLqJ4b ChMk0b\" data-language-for-alternatives=\"pt\" data-language-to-translate-into=\"en\" data-phrase-index=\"6\" data-number-of-phrases=\"8\"><span class=\"Q4iAWc\">These are not linked to any information that is personally identifiable.<\/span><\/span> <span class=\"JLqJ4b ChMk0b\" data-language-for-alternatives=\"pt\" data-language-to-translate-into=\"en\" data-phrase-index=\"7\" data-number-of-phrases=\"8\"><span class=\"Q4iAWc\">The purpose of the information is for analyzing trends, administering the site, tracking users\u2019 movement on the website, and gathering demographic information.<\/span><\/span><\/span><\/p>\n<h3>\u00a0<\/h3>\n<h2>\u00a0\u00a0 Cookies and Web Beacons<\/h2>\n<p>\u00a0\u00a0 Like any other website, this one uses Cookies. These Cookies are used to store information including visitors\u2019 preferences, and the pages on the website that the visitor accessed. The information is used to optimize the users\u2019 experience by customizing our web page content based on visitors\u2019 browser type and\/or other information. <span class=\"VIiyi\" lang=\"pt\"><span class=\"JLqJ4b ChMk0b\" data-language-for-alternatives=\"pt\" data-language-to-translate-into=\"en\" data-phrase-index=\"6\" data-number-of-phrases=\"8\"><span class=\"Q4iAWc\">These are not linked to any information that is personally identifiable.<\/span><\/span><\/span><\/p>\n<p>\u00a0\u00a0 By browsing our website and consenting to the use of Cookies, you express your knowledge and acceptance of the use of a navigation data collection system with the use of Cookies on your device.<\/p>\n<p>\u00a0\u00a0 You can, at any time, change the permissions, block or refuse Cookies through your browser settings. However, revocation of consent for certain Cookies may make it impossible for some features of the platform to function correctly.<\/p>\n<p>\u00a0<\/p>\n<h2><span class=\"VIiyi\" lang=\"pt\"><span class=\"JLqJ4b\" data-language-for-alternatives=\"pt\" data-language-to-translate-into=\"en\" data-phrase-index=\"0\" data-number-of-phrases=\"1\"><span class=\"Q4iAWc\">\u00a0\u00a0<\/span><\/span><\/span>Rights of Personal Data Subjects<\/h2>\n<p><span class=\"VIiyi\" lang=\"pt\"><span class=\"JLqJ4b\" data-language-for-alternatives=\"pt\" data-language-to-translate-into=\"en\" data-phrase-index=\"0\" data-number-of-phrases=\"1\"><span class=\"Q4iAWc\">\u00a0\u00a0\u00a0 As the data subject, you have the right to:<\/span><\/span><\/span><\/p>\n<ul>\n<li>access to your personal information;<\/li>\n<li>rectification of your data;<\/li>\n<li>deletion of data;<\/li>\n<li>limitation of treatment;<\/li>\n<li>opposition to treatment;<\/li>\n<li>portability;<\/li>\n<li>opposition for the purpose of sending you informing communications.<\/li>\n<\/ul>\n<p>\u00a0\u00a0 To exercise your rights, you must contact us via email: djcr13@hotmail.com.<\/p>\n<p>\u00a0\u00a0 In the event of non-compliance by APECS Portugal with the obligations applicable to it under the GDPR, you have the right to file a complaint with the <a href=\"http:\/\/www.cnpd.pt\">National Data Protection Commission.<\/a>.<\/p>\n<!-- \/wp:heading -->\t\t\t\t\t\t<\/div>\n\t\t\t\t<\/div>\n\t\t\t\t\t<\/div>\n\t\t<\/div>\n\t\t\t\t\t<\/div>\n\t\t<\/section>\n\t\t\t\t<\/div>","protected":false},"excerpt":{"rendered":"<p>Pol\u00edtica de Privacidade \u00a0\u00a0\u00a0 De acordo com o Regulamento Geral da Prote\u00e7\u00e3o de Dados (RGPD), no site Diana Jo\u00e3o, acess\u00edvel a partir de https:\/\/dianajoao.pt\/, uma das nossas principais prioridades \u00e9 a privacidade dos nossos visitantes. Este documento de Pol\u00edtica de Privacidade cont\u00e9m os tipos de informa\u00e7\u00f5es que s\u00e3o recolhidas e registadas por este site e [&hellip;]<\/p>\n","protected":false},"author":1,"featured_media":0,"parent":0,"menu_order":0,"comment_status":"closed","ping_status":"closed","template":"","meta":[],"_links":{"self":[{"href":"https:\/\/dianajoao.pt\/en\/wp-json\/wp\/v2\/pages\/3"}],"collection":[{"href":"https:\/\/dianajoao.pt\/en\/wp-json\/wp\/v2\/pages"}],"about":[{"href":"https:\/\/dianajoao.pt\/en\/wp-json\/wp\/v2\/types\/page"}],"author":[{"embeddable":true,"href":"https:\/\/dianajoao.pt\/en\/wp-json\/wp\/v2\/users\/1"}],"replies":[{"embeddable":true,"href":"https:\/\/dianajoao.pt\/en\/wp-json\/wp\/v2\/comments?post=3"}],"version-history":[{"count":24,"href":"https:\/\/dianajoao.pt\/en\/wp-json\/wp\/v2\/pages\/3\/revisions"}],"predecessor-version":[{"id":6369,"href":"https:\/\/dianajoao.pt\/en\/wp-json\/wp\/v2\/pages\/3\/revisions\/6369"}],"wp:attachment":[{"href":"https:\/\/dianajoao.pt\/en\/wp-json\/wp\/v2\/media?parent=3"}],"curies":[{"name":"wp","href":"https:\/\/api.w.org\/{rel}","templated":true}]}}