{"id":14,"date":"2023-06-28T23:00:44","date_gmt":"2023-06-28T23:00:44","guid":{"rendered":"http:\/\/localhost\/sf-aac\/?page_id=3"},"modified":"2023-08-15T00:34:15","modified_gmt":"2023-08-15T00:34:15","slug":"politica-privacidade","status":"publish","type":"page","link":"https:\/\/dianajoao.pt\/sf-aac\/politica-privacidade\/","title":{"rendered":"Pol\u00edtica de privacidade"},"content":{"rendered":"\t\t<div data-elementor-type=\"wp-page\" data-elementor-id=\"14\" class=\"elementor elementor-14\">\n\t\t\t\t\t\t<section class=\"elementor-section elementor-top-section elementor-element elementor-element-5118725 elementor-section-boxed elementor-section-height-default elementor-section-height-default\" data-id=\"5118725\" data-element_type=\"section\">\n\t\t\t\t\t\t<div class=\"elementor-container elementor-column-gap-default\">\n\t\t\t\t\t<div class=\"elementor-column elementor-col-100 elementor-top-column elementor-element elementor-element-f1110f9\" data-id=\"f1110f9\" data-element_type=\"column\">\n\t\t\t<div class=\"elementor-widget-wrap elementor-element-populated\">\n\t\t\t\t\t\t<div class=\"elementor-element elementor-element-d52b0fd elementor-widget elementor-widget-heading\" data-id=\"d52b0fd\" data-element_type=\"widget\" data-widget_type=\"heading.default\">\n\t\t\t\t<div class=\"elementor-widget-container\">\n\t\t\t<style>\/*! elementor - v3.19.0 - 07-02-2024 *\/\n.elementor-heading-title{padding:0;margin:0;line-height:1}.elementor-widget-heading .elementor-heading-title[class*=elementor-size-]>a{color:inherit;font-size:inherit;line-height:inherit}.elementor-widget-heading .elementor-heading-title.elementor-size-small{font-size:15px}.elementor-widget-heading .elementor-heading-title.elementor-size-medium{font-size:19px}.elementor-widget-heading .elementor-heading-title.elementor-size-large{font-size:29px}.elementor-widget-heading .elementor-heading-title.elementor-size-xl{font-size:39px}.elementor-widget-heading .elementor-heading-title.elementor-size-xxl{font-size:59px}<\/style><h2 class=\"elementor-heading-title elementor-size-default\">Pol\u00edtica de Privacidade<\/h2>\t\t<\/div>\n\t\t\t\t<\/div>\n\t\t\t\t\t<\/div>\n\t\t<\/div>\n\t\t\t\t\t<\/div>\n\t\t<\/section>\n\t\t\t\t<section class=\"elementor-section elementor-top-section elementor-element elementor-element-cc36734 elementor-section-boxed elementor-section-height-default elementor-section-height-default\" data-id=\"cc36734\" data-element_type=\"section\">\n\t\t\t\t\t\t<div class=\"elementor-container elementor-column-gap-default\">\n\t\t\t\t\t<div class=\"elementor-column elementor-col-100 elementor-top-column elementor-element elementor-element-9f620c4\" data-id=\"9f620c4\" data-element_type=\"column\">\n\t\t\t<div class=\"elementor-widget-wrap elementor-element-populated\">\n\t\t\t\t\t\t<div class=\"elementor-element elementor-element-ee400f8 elementor-widget elementor-widget-text-editor\" data-id=\"ee400f8\" data-element_type=\"widget\" data-widget_type=\"text-editor.default\">\n\t\t\t\t<div class=\"elementor-widget-container\">\n\t\t\t<style>\/*! elementor - v3.19.0 - 07-02-2024 *\/\n.elementor-widget-text-editor.elementor-drop-cap-view-stacked .elementor-drop-cap{background-color:#69727d;color:#fff}.elementor-widget-text-editor.elementor-drop-cap-view-framed .elementor-drop-cap{color:#69727d;border:3px solid;background-color:transparent}.elementor-widget-text-editor:not(.elementor-drop-cap-view-default) .elementor-drop-cap{margin-top:8px}.elementor-widget-text-editor:not(.elementor-drop-cap-view-default) .elementor-drop-cap-letter{width:1em;height:1em}.elementor-widget-text-editor .elementor-drop-cap{float:left;text-align:center;line-height:1;font-size:50px}.elementor-widget-text-editor .elementor-drop-cap-letter{display:inline-block}<\/style>\t\t\t\t<!-- wp:heading -->\n<p><span class=\"VIiyi\" lang=\"pt\"><span class=\"JLqJ4b ChMk0b\" data-language-for-alternatives=\"pt\" data-language-to-translate-into=\"en\" data-phrase-index=\"0\" data-number-of-phrases=\"7\"><span class=\"Q4iAWc\">\u00a0\u00a0\u00a0 De acordo com o Regulamento Geral da Prote\u00e7\u00e3o de Dados (RGPD), no site Sec\u00e7\u00e3o de Fotografia AAC, acess\u00edvel a partir de <a href=\"http:\/\/www.fotografia-aac.pt\/\">www.fotografia-aac.pt\/<\/a>, uma das nossas principais prioridades \u00e9 a privacidade dos nossos visitantes.<\/span><\/span> <span class=\"JLqJ4b ChMk0b\" data-language-for-alternatives=\"pt\" data-language-to-translate-into=\"en\" data-phrase-index=\"1\" data-number-of-phrases=\"7\"><span class=\"Q4iAWc\">Este documento de Pol\u00edtica de Privacidade cont\u00e9m os tipos de informa\u00e7\u00f5es que s\u00e3o recolhidas e registadas por este site e como as usamos.<\/span><\/span><\/span><\/p>\n<p><span class=\"VIiyi\" lang=\"pt\"><span class=\"JLqJ4b ChMk0b\" data-language-for-alternatives=\"pt\" data-language-to-translate-into=\"en\" data-phrase-index=\"3\" data-number-of-phrases=\"7\"><span class=\"Q4iAWc\">\u00a0\u00a0 Se tiver d\u00favidas adicionais ou precisar de mais informa\u00e7\u00f5es sobre a nossa Pol\u00edtica de Privacidade, n\u00e3o hesite em <a href=\"http:\/\/www.fotografia-aac.pt\/contactos\">contactar-nos<\/a>.<\/span><\/span> <\/span><\/p>\n<p>\u00a0<\/p>\n<h2>\u00a0\u00a0 Consentimento<\/h2>\n<p>\u00a0\u00a0 <span class=\"VIiyi\" lang=\"pt\"><span class=\"JLqJ4b ChMk0b\" data-language-for-alternatives=\"pt\" data-language-to-translate-into=\"en\" data-phrase-index=\"0\" data-number-of-phrases=\"1\"><span class=\"Q4iAWc\">Ao usar o nosso site, concorda com a nossa Pol\u00edtica de Privacidade.<\/span><\/span><\/span><\/p>\n<p>\u00a0<\/p>\n<h2>\u00a0\u00a0 Informa\u00e7\u00e3o que recolhemos<\/h2>\n<p>\u00a0\u00a0 <span class=\"VIiyi\" lang=\"pt\"><span class=\"JLqJ4b ChMk0b\" data-language-for-alternatives=\"pt\" data-language-to-translate-into=\"en\" data-phrase-index=\"0\" data-number-of-phrases=\"1\"><span class=\"Q4iAWc\">As informa\u00e7\u00f5es pessoais que lhe s\u00e3o solicitadas e os motivos pelos quais \u00e9 solicitado a fornec\u00ea-las ser\u00e3o esclarecidos no momento em que solicitarmos que as forne\u00e7a.<\/span><\/span><\/span><\/p>\n<p>\u00a0\u00a0 <span class=\"VIiyi\" lang=\"pt\"><span class=\"JLqJ4b ChMk0b\" data-language-for-alternatives=\"pt\" data-language-to-translate-into=\"en\" data-phrase-index=\"0\" data-number-of-phrases=\"1\"><span class=\"Q4iAWc\">Se entrar em contacto connosco diretamente, poderemos receber informa\u00e7\u00f5es adicionais sobre si, como o seu nome, endere\u00e7o de e-mail, o conte\u00fado da mensagem e\/ou anexos que nos enviar e qualquer outra informa\u00e7\u00e3o que decida fornecer.<\/span><\/span><\/span><\/p>\n<p>\u00a0<\/p>\n<h2>\u00a0\u00a0 Como usamos a sua informa\u00e7\u00e3o<\/h2>\n<p>\u00a0\u00a0 <span class=\"VIiyi\" lang=\"pt\"><span class=\"JLqJ4b ChMk0b\" data-language-for-alternatives=\"pt\" data-language-to-translate-into=\"en\" data-phrase-index=\"0\" data-number-of-phrases=\"1\"><span class=\"Q4iAWc\">Usamos as informa\u00e7\u00f5es que recolhemos para:<\/span><\/span><\/span><\/p>\n<ul>\n<li><span class=\"VIiyi\" lang=\"pt\"><span class=\"JLqJ4b ChMk0b\" data-language-for-alternatives=\"pt\" data-language-to-translate-into=\"en\" data-phrase-index=\"0\" data-number-of-phrases=\"1\"><span class=\"Q4iAWc\">Fornecer, operar e manter o nosso site;<\/span><\/span><\/span><\/li>\n<li><span class=\"VIiyi\" lang=\"pt\"><span class=\"JLqJ4b ChMk0b\" data-language-for-alternatives=\"pt\" data-language-to-translate-into=\"en\" data-phrase-index=\"0\" data-number-of-phrases=\"1\"><span class=\"Q4iAWc\">Melhorar, personalizar e expandir o nosso site<\/span><\/span><\/span>;<\/li>\n<li><span class=\"VIiyi\" lang=\"pt\"><span class=\"JLqJ4b ChMk0b\" data-language-for-alternatives=\"pt\" data-language-to-translate-into=\"en\" data-phrase-index=\"0\" data-number-of-phrases=\"1\"><span class=\"Q4iAWc\">Entender e analisar como usa o nosso site;<\/span><\/span><\/span><\/li>\n<li><span class=\"VIiyi\" lang=\"pt\"><span class=\"JLqJ4b ChMk0b\" data-language-for-alternatives=\"pt\" data-language-to-translate-into=\"en\" data-phrase-index=\"0\" data-number-of-phrases=\"1\"><span class=\"Q4iAWc\">Desenvolver novos servi\u00e7os, recursos e funcionalidades<\/span><\/span><\/span>;<\/li>\n<li>Enviar-lhe emails;<\/li>\n<li>Encontrar e prevenir fraude.<\/li>\n<\/ul>\n<p>\u00a0<\/p>\n<h2>\u00a0\u00a0 Arquivos Log<\/h2>\n<p>\u00a0\u00a0 <span class=\"VIiyi\" lang=\"pt\"><span class=\"JLqJ4b ChMk0b\" data-language-for-alternatives=\"pt\" data-language-to-translate-into=\"en\" data-phrase-index=\"2\" data-number-of-phrases=\"8\"><span class=\"Q4iAWc\">Este site segue um procedimento padr\u00e3o de uso de arquivos\u00a0 log.<\/span><\/span> <span class=\"JLqJ4b ChMk0b\" data-language-for-alternatives=\"pt\" data-language-to-translate-into=\"en\" data-phrase-index=\"3\" data-number-of-phrases=\"8\"><span class=\"Q4iAWc\">Esses arquivos registam os visitantes quando eles visitam sites.<\/span><\/span> <span class=\"JLqJ4b ChMk0b\" data-language-for-alternatives=\"pt\" data-language-to-translate-into=\"en\" data-phrase-index=\"4\" data-number-of-phrases=\"8\"><span class=\"Q4iAWc\">Todas as empresas de hospedagem online fazem isso e alguns fornecem servi\u00e7os de an\u00e1lise estat\u00edstica.<\/span><\/span> <span class=\"JLqJ4b ChMk0b\" data-language-for-alternatives=\"pt\" data-language-to-translate-into=\"en\" data-phrase-index=\"5\" data-number-of-phrases=\"8\"><span class=\"Q4iAWc\">As informa\u00e7\u00f5es recolhidas pelos arquivos de log incluem endere\u00e7os de protocolo da Internet (IP), localiza\u00e7\u00e3o aproximada de acordo com base de dados de endere\u00e7o IP, tipo de navegador, tipo de dispositivo, sistema operativo, provedor de servi\u00e7os de Internet (ISP), registo de data e hora, motores de pesquisa de origem, p\u00e1ginas visitadas e, possivelmente, o n\u00famero de cliques, bem como arquivo cookie de verifica\u00e7\u00e3o se j\u00e1 foi informado sobre a nossa pol\u00edtica de privacidade.<\/span><\/span> <span class=\"JLqJ4b ChMk0b\" data-language-for-alternatives=\"pt\" data-language-to-translate-into=\"en\" data-phrase-index=\"6\" data-number-of-phrases=\"8\"><span class=\"Q4iAWc\">Estes dados n\u00e3o est\u00e3o vinculados a nenhuma informa\u00e7\u00e3o que seja pessoalmente identific\u00e1vel.<\/span><\/span> <span class=\"JLqJ4b ChMk0b\" data-language-for-alternatives=\"pt\" data-language-to-translate-into=\"en\" data-phrase-index=\"7\" data-number-of-phrases=\"8\"><span class=\"Q4iAWc\">O objetivo destas informa\u00e7\u00f5es \u00e9 analisar tend\u00eancias, administrar o site, rastrear o movimento dos utilizadores no site e recolher informa\u00e7\u00f5es demogr\u00e1ficas.<\/span><\/span><\/span><\/p>\n<h3>\u00a0<\/h3>\n<h2>\u00a0\u00a0 Cookies ou dados de navega\u00e7\u00e3o<\/h2>\n<p>\u00a0\u00a0 Como qualquer outro site, este utiliza Cookies. Esses Cookies s\u00e3o usados para armazenar informa\u00e7\u00f5es, incluindo as prefer\u00eancias dos visitantes e as p\u00e1ginas do site que o visitante acessou. Essas informa\u00e7\u00f5es s\u00e3o usadas para otimizar a experi\u00eancia dos utilizadores, personalizando o conte\u00fado da nossa p\u00e1gina web com base no tipo de navegador dos visitantes e\/ou outras informa\u00e7\u00f5es. <span class=\"VIiyi\" lang=\"pt\"><span class=\"JLqJ4b ChMk0b\" data-language-for-alternatives=\"pt\" data-language-to-translate-into=\"en\" data-phrase-index=\"6\" data-number-of-phrases=\"8\"><span class=\"Q4iAWc\">Estes dados n\u00e3o est\u00e3o vinculados a nenhuma informa\u00e7\u00e3o que seja pessoalmente identific\u00e1vel.<\/span><\/span><\/span><\/p>\n<p>\u00a0\u00a0 Ao navegar no nosso site e consentir com o uso de Cookies, manifesta conhecer e aceitar a utiliza\u00e7\u00e3o de um sistema de recolha de dados de navega\u00e7\u00e3o com o uso de Cookies no seu dispositivo.<\/p>\n<p>\u00a0\u00a0 Pode, a qualquer momento, alterar as permiss\u00f5es, bloquear ou recusar os Cookies atrav\u00e9s das defini\u00e7\u00f5es do seu navegador. Todavia, a revoga\u00e7\u00e3o do consentimento de determinados Cookies pode inviabilizar o funcionamento correto de alguns recursos da plataforma.<\/p>\n<p>\u00a0<\/p>\n<h2><span class=\"VIiyi\" lang=\"pt\"><span class=\"JLqJ4b\" data-language-for-alternatives=\"pt\" data-language-to-translate-into=\"en\" data-phrase-index=\"0\" data-number-of-phrases=\"1\"><span class=\"Q4iAWc\">\u00a0\u00a0<\/span><\/span><\/span>Direitos dos Titulares dos Dados Pessoais<\/h2>\n<p><span class=\"VIiyi\" lang=\"pt\"><span class=\"JLqJ4b\" data-language-for-alternatives=\"pt\" data-language-to-translate-into=\"en\" data-phrase-index=\"0\" data-number-of-phrases=\"1\"><span class=\"Q4iAWc\">\u00a0\u00a0\u00a0 Como titular dos dados, tem direito a:<\/span><\/span><\/span><\/p>\n<ul>\n<li>acesso \u00e0 sua informa\u00e7\u00e3o pessoal;<\/li>\n<li>retifica\u00e7\u00e3o dos seus dados;<\/li>\n<li>elimina\u00e7\u00e3o dos dados;<\/li>\n<li>limita\u00e7\u00e3o do tratamento;<\/li>\n<li>oposi\u00e7\u00e3o ao tratamento;<\/li>\n<li>portabilidade;<\/li>\n<li>oposi\u00e7\u00e3o para efeitos de envio de comunica\u00e7\u00f5es informativas.<\/li>\n<\/ul>\n<p>\u00a0\u00a0 Para exercer os seu direitos dever\u00e1 entrar em contacto connosco atrav\u00e9s do email: sfotografia.aac@gmail.com.<\/p>\n<p>\u00a0\u00a0 Em caso de incumprimento por parte de \u201cSec\u00e7\u00e3o de Fotografia AAC\u201d das obriga\u00e7\u00f5es que lhe s\u00e3o aplic\u00e1veis pelo RGPD, tem o direito de apresentar reclama\u00e7\u00e3o \u00e0 <a href=\"http:\/\/www.cnpd.pt\">Comiss\u00e3o Nacional de Prote\u00e7\u00e3o de Dados<\/a>.<\/p>\n<!-- \/wp:heading -->\t\t\t\t\t\t<\/div>\n\t\t\t\t<\/div>\n\t\t\t\t\t<\/div>\n\t\t<\/div>\n\t\t\t\t\t<\/div>\n\t\t<\/section>\n\t\t\t\t<\/div>\n\t\t","protected":false},"excerpt":{"rendered":"<p>Pol\u00edtica de Privacidade \u00a0\u00a0\u00a0 De acordo com o Regulamento Geral da Prote\u00e7\u00e3o de Dados (RGPD), no site Sec\u00e7\u00e3o de Fotografia AAC, acess\u00edvel a partir de www.fotografia-aac.pt\/, uma das nossas principais prioridades \u00e9 a privacidade dos nossos visitantes. Este documento de Pol\u00edtica de Privacidade cont\u00e9m os tipos de informa\u00e7\u00f5es que s\u00e3o recolhidas e registadas por este [&hellip;]<\/p>\n","protected":false},"author":1,"featured_media":0,"parent":0,"menu_order":0,"comment_status":"closed","ping_status":"open","template":"","meta":{"footnotes":""},"class_list":["post-14","page","type-page","status-publish","hentry","entry"],"_links":{"self":[{"href":"https:\/\/dianajoao.pt\/sf-aac\/wp-json\/wp\/v2\/pages\/14","targetHints":{"allow":["GET"]}}],"collection":[{"href":"https:\/\/dianajoao.pt\/sf-aac\/wp-json\/wp\/v2\/pages"}],"about":[{"href":"https:\/\/dianajoao.pt\/sf-aac\/wp-json\/wp\/v2\/types\/page"}],"author":[{"embeddable":true,"href":"https:\/\/dianajoao.pt\/sf-aac\/wp-json\/wp\/v2\/users\/1"}],"replies":[{"embeddable":true,"href":"https:\/\/dianajoao.pt\/sf-aac\/wp-json\/wp\/v2\/comments?post=14"}],"version-history":[{"count":6,"href":"https:\/\/dianajoao.pt\/sf-aac\/wp-json\/wp\/v2\/pages\/14\/revisions"}],"predecessor-version":[{"id":1663,"href":"https:\/\/dianajoao.pt\/sf-aac\/wp-json\/wp\/v2\/pages\/14\/revisions\/1663"}],"wp:attachment":[{"href":"https:\/\/dianajoao.pt\/sf-aac\/wp-json\/wp\/v2\/media?parent=14"}],"curies":[{"name":"wp","href":"https:\/\/api.w.org\/{rel}","templated":true}]}}