{"id":16,"date":"2023-06-28T23:18:43","date_gmt":"2023-06-28T23:18:43","guid":{"rendered":"http:\/\/localhost\/sf-aac\/?page_id=11"},"modified":"2023-06-28T23:18:43","modified_gmt":"2023-06-28T23:18:43","slug":"sobre","status":"publish","type":"page","link":"https:\/\/dianajoao.pt\/sf-aac\/sobre\/","title":{"rendered":"Sobre"},"content":{"rendered":"\t\t<div data-elementor-type=\"wp-page\" data-elementor-id=\"16\" class=\"elementor elementor-16\">\n\t\t\t\t\t\t<section class=\"elementor-section elementor-top-section elementor-element elementor-element-9de1317 elementor-section-boxed elementor-section-height-default elementor-section-height-default\" data-id=\"9de1317\" data-element_type=\"section\">\n\t\t\t\t\t\t<div class=\"elementor-container elementor-column-gap-default\">\n\t\t\t\t\t<div class=\"elementor-column elementor-col-100 elementor-top-column elementor-element elementor-element-3465ee3\" data-id=\"3465ee3\" data-element_type=\"column\">\n\t\t\t<div class=\"elementor-widget-wrap elementor-element-populated\">\n\t\t\t\t\t\t<div class=\"elementor-element elementor-element-d227a10 elementor-widget elementor-widget-heading\" data-id=\"d227a10\" data-element_type=\"widget\" data-widget_type=\"heading.default\">\n\t\t\t\t<div class=\"elementor-widget-container\">\n\t\t\t<style>\/*! elementor - v3.19.0 - 07-02-2024 *\/\n.elementor-heading-title{padding:0;margin:0;line-height:1}.elementor-widget-heading .elementor-heading-title[class*=elementor-size-]>a{color:inherit;font-size:inherit;line-height:inherit}.elementor-widget-heading .elementor-heading-title.elementor-size-small{font-size:15px}.elementor-widget-heading .elementor-heading-title.elementor-size-medium{font-size:19px}.elementor-widget-heading .elementor-heading-title.elementor-size-large{font-size:29px}.elementor-widget-heading .elementor-heading-title.elementor-size-xl{font-size:39px}.elementor-widget-heading .elementor-heading-title.elementor-size-xxl{font-size:59px}<\/style><h2 class=\"elementor-heading-title elementor-size-default\">Objetivos<\/h2>\t\t<\/div>\n\t\t\t\t<\/div>\n\t\t\t\t<div class=\"elementor-element elementor-element-c55b725 elementor-widget elementor-widget-text-editor\" data-id=\"c55b725\" data-element_type=\"widget\" data-widget_type=\"text-editor.default\">\n\t\t\t\t<div class=\"elementor-widget-container\">\n\t\t\t<style>\/*! elementor - v3.19.0 - 07-02-2024 *\/\n.elementor-widget-text-editor.elementor-drop-cap-view-stacked .elementor-drop-cap{background-color:#69727d;color:#fff}.elementor-widget-text-editor.elementor-drop-cap-view-framed .elementor-drop-cap{color:#69727d;border:3px solid;background-color:transparent}.elementor-widget-text-editor:not(.elementor-drop-cap-view-default) .elementor-drop-cap{margin-top:8px}.elementor-widget-text-editor:not(.elementor-drop-cap-view-default) .elementor-drop-cap-letter{width:1em;height:1em}.elementor-widget-text-editor .elementor-drop-cap{float:left;text-align:center;line-height:1;font-size:50px}.elementor-widget-text-editor .elementor-drop-cap-letter{display:inline-block}<\/style>\t\t\t\t<p>\u00a0\u00a0 A Sec\u00e7\u00e3o de Fotografia da Associa\u00e7\u00e3o Acad\u00e9mica de Coimbra pretende promover e divulgar a Fotografia inserida nas novas tecnologias e nos diversos processos anal\u00f3gicos, nas suas vertentes te\u00f3rica e pr\u00e1tica, com uma orienta\u00e7\u00e3o fundamentalmente formadora e estruturante no valor que a fotografia ocupa nas linguagens art\u00edsticas, documentais e cient\u00edficas.<\/p><p>\u00a0\u00a0 A Sec\u00e7\u00e3o de Fotografia da AAC est\u00e1 aberta ao di\u00e1logo e \u00e0 livre troca de ideias e opini\u00f5es, no respeito pela lei e pelos limites deontol\u00f3gicos imanentes \u00e0 atividade fotogr\u00e1fica, numa l\u00f3gica que se pretende pluridisciplinar.<\/p>\t\t\t\t\t\t<\/div>\n\t\t\t\t<\/div>\n\t\t\t\t<div class=\"elementor-element elementor-element-21ad7e1 elementor-widget elementor-widget-spacer\" data-id=\"21ad7e1\" data-element_type=\"widget\" data-widget_type=\"spacer.default\">\n\t\t\t\t<div class=\"elementor-widget-container\">\n\t\t\t<style>\/*! elementor - v3.19.0 - 07-02-2024 *\/\n.elementor-column .elementor-spacer-inner{height:var(--spacer-size)}.e-con{--container-widget-width:100%}.e-con-inner>.elementor-widget-spacer,.e-con>.elementor-widget-spacer{width:var(--container-widget-width,var(--spacer-size));--align-self:var(--container-widget-align-self,initial);--flex-shrink:0}.e-con-inner>.elementor-widget-spacer>.elementor-widget-container,.e-con>.elementor-widget-spacer>.elementor-widget-container{height:100%;width:100%}.e-con-inner>.elementor-widget-spacer>.elementor-widget-container>.elementor-spacer,.e-con>.elementor-widget-spacer>.elementor-widget-container>.elementor-spacer{height:100%}.e-con-inner>.elementor-widget-spacer>.elementor-widget-container>.elementor-spacer>.elementor-spacer-inner,.e-con>.elementor-widget-spacer>.elementor-widget-container>.elementor-spacer>.elementor-spacer-inner{height:var(--container-widget-height,var(--spacer-size))}.e-con-inner>.elementor-widget-spacer.elementor-widget-empty,.e-con>.elementor-widget-spacer.elementor-widget-empty{position:relative;min-height:22px;min-width:22px}.e-con-inner>.elementor-widget-spacer.elementor-widget-empty .elementor-widget-empty-icon,.e-con>.elementor-widget-spacer.elementor-widget-empty .elementor-widget-empty-icon{position:absolute;top:0;bottom:0;left:0;right:0;margin:auto;padding:0;width:22px;height:22px}<\/style>\t\t<div class=\"elementor-spacer\">\n\t\t\t<div class=\"elementor-spacer-inner\"><\/div>\n\t\t<\/div>\n\t\t\t\t<\/div>\n\t\t\t\t<\/div>\n\t\t\t\t<div class=\"elementor-element elementor-element-88bedf1 elementor-widget elementor-widget-heading\" data-id=\"88bedf1\" data-element_type=\"widget\" data-widget_type=\"heading.default\">\n\t\t\t\t<div class=\"elementor-widget-container\">\n\t\t\t<h2 class=\"elementor-heading-title elementor-size-default\">Atividades<\/h2>\t\t<\/div>\n\t\t\t\t<\/div>\n\t\t\t\t<div class=\"elementor-element elementor-element-0e509e6 elementor-widget elementor-widget-text-editor\" data-id=\"0e509e6\" data-element_type=\"widget\" data-widget_type=\"text-editor.default\">\n\t\t\t\t<div class=\"elementor-widget-container\">\n\t\t\t\t\t\t\t<ul><li>Desenvolver atividades pedag\u00f3gicas e a\u00e7\u00f5es de forma\u00e7\u00e3o sobre os diversos g\u00e9neros e linguagens fotogr\u00e1ficas.<\/li><li>Produzir documenta\u00e7\u00f5es fotogr\u00e1ficas dos eventos promovidos pela Dire\u00e7\u00e3o Geral da Associa\u00e7\u00e3o Acad\u00e9mica de Coimbra.<\/li><li>Produzir registos fotogr\u00e1ficos das actividades realizadas pelas Sec\u00e7\u00f5es e Organismos da AAC.<\/li><li>Apoiar a organiza\u00e7\u00e3o de exposi\u00e7\u00f5es dos associados da Sec\u00e7\u00e3o de Fotografia, Sec\u00e7\u00f5es Culturais ou Desportivas da Associa\u00e7\u00e3o Acad\u00e9mica de Coimbra e\/ou outras entidades de relevo.<\/li><li>Editar publica\u00e7\u00f5es espec\u00edficas que versem assuntos que se enquadrem e que sejam considerados de relevo.<\/li><li>Produzir exposi\u00e7\u00f5es de fotografia.<\/li><li>Colaborar com todos aqueles que pretendam contribuir para a imagem da Academia e da cidade de Coimbra.<\/li><\/ul>\t\t\t\t\t\t<\/div>\n\t\t\t\t<\/div>\n\t\t\t\t<div class=\"elementor-element elementor-element-04d344a elementor-widget elementor-widget-spacer\" data-id=\"04d344a\" data-element_type=\"widget\" data-widget_type=\"spacer.default\">\n\t\t\t\t<div class=\"elementor-widget-container\">\n\t\t\t\t\t<div class=\"elementor-spacer\">\n\t\t\t<div class=\"elementor-spacer-inner\"><\/div>\n\t\t<\/div>\n\t\t\t\t<\/div>\n\t\t\t\t<\/div>\n\t\t\t\t<div class=\"elementor-element elementor-element-58e027c elementor-widget elementor-widget-heading\" data-id=\"58e027c\" data-element_type=\"widget\" data-widget_type=\"heading.default\">\n\t\t\t\t<div class=\"elementor-widget-container\">\n\t\t\t<h2 class=\"elementor-heading-title elementor-size-default\">Introdu\u00e7\u00e3o Hist\u00f3rica<\/h2>\t\t<\/div>\n\t\t\t\t<\/div>\n\t\t\t\t<div class=\"elementor-element elementor-element-db199b2 elementor-widget elementor-widget-text-editor\" data-id=\"db199b2\" data-element_type=\"widget\" data-widget_type=\"text-editor.default\">\n\t\t\t\t<div class=\"elementor-widget-container\">\n\t\t\t\t\t\t\t<p>\u00a0\u00a0 Incentivados pelos presidentes da DG AAC, Humberto Martins e posteriormente Victor Hugo Salgado, um grupo de estudantes em colabora\u00e7\u00e3o com profissionais da fotografia organiza-se e elabora um projeto para a cria\u00e7\u00e3o de uma Sec\u00e7\u00e3o de Fotografia na AAC.<\/p><p>\u00a0\u00a0 Em 2005, designados por Grupo de Fotografia, uma equipa auxiliada pelo fot\u00f3grafo Paulo Abrantes realiza diversas atividades e desenvolve interessantes parcerias com as sucessivas Dire\u00e7\u00f5es Gerais. Tamb\u00e9m nesta fase foi fundamental o impulso da Comiss\u00e3o Executiva do Conselho Cultural. \u2028\u2028Este grupo de trabalho apresentou regularmente atividades sendo que em Novembro de 2006, por unanimidade, o Conselho Cultural da AAC reconhece a Pr\u00f3_Sec\u00e7\u00e3o de Fotografia.<\/p><p>\u00a0\u00a0 Motivados por este reconhecimento a Pro-Sec\u00e7\u00e3o trabalhou com ainda mais vigor e em Dezembro de 2007 o Conselho Cultural da AAC vota favoravelmente a cria\u00e7\u00e3o da Sec\u00e7\u00e3o de Fotografia, sendo esta a 16\u00aa sec\u00e7\u00e3o cultural da AAC, colmatando desta forma a aus\u00eancia da arte fotogr\u00e1fica dentro da Associa\u00e7\u00e3o Acad\u00e9mica de Coimbra.\u2028\u2028 Desde o inicio teria sido dif\u00edcil concretizar os nossos objetivos sem o apoio das sucessivas Comiss\u00f5es Organizadoras da Queima das Fitas e Dire\u00e7\u00f5es Gerais da AAC.<\/p><p>\u00a0\u00a0 Em tr\u00eas Galas Ant\u00f3nio Lu\u00eds Gomes realizadas, a Sec\u00e7\u00e3o de Fotografia AAC foi\u00a0 duas vezes <strong>PR\u00c9MIO<\/strong>\u00a0<strong>SEC\u00c7\u00c3O DO ANO<\/strong> (2009 e 2010) e, em 2011, recebeu o <strong>PR\u00c9MIO FORMA\u00c7\u00c3O<\/strong>.<\/p>\t\t\t\t\t\t<\/div>\n\t\t\t\t<\/div>\n\t\t\t\t\t<\/div>\n\t\t<\/div>\n\t\t\t\t\t<\/div>\n\t\t<\/section>\n\t\t\t\t<\/div>\n\t\t","protected":false},"excerpt":{"rendered":"<p>Objetivos \u00a0\u00a0 A Sec\u00e7\u00e3o de Fotografia da Associa\u00e7\u00e3o Acad\u00e9mica de Coimbra pretende promover e divulgar a Fotografia inserida nas novas tecnologias e nos diversos processos anal\u00f3gicos, nas suas vertentes te\u00f3rica e pr\u00e1tica, com uma orienta\u00e7\u00e3o fundamentalmente formadora e estruturante no valor que a fotografia ocupa nas linguagens art\u00edsticas, documentais e cient\u00edficas. \u00a0\u00a0 A Sec\u00e7\u00e3o de [&hellip;]<\/p>\n","protected":false},"author":1,"featured_media":0,"parent":0,"menu_order":0,"comment_status":"closed","ping_status":"closed","template":"","meta":{"footnotes":""},"class_list":["post-16","page","type-page","status-publish","hentry","entry"],"_links":{"self":[{"href":"https:\/\/dianajoao.pt\/sf-aac\/wp-json\/wp\/v2\/pages\/16","targetHints":{"allow":["GET"]}}],"collection":[{"href":"https:\/\/dianajoao.pt\/sf-aac\/wp-json\/wp\/v2\/pages"}],"about":[{"href":"https:\/\/dianajoao.pt\/sf-aac\/wp-json\/wp\/v2\/types\/page"}],"author":[{"embeddable":true,"href":"https:\/\/dianajoao.pt\/sf-aac\/wp-json\/wp\/v2\/users\/1"}],"replies":[{"embeddable":true,"href":"https:\/\/dianajoao.pt\/sf-aac\/wp-json\/wp\/v2\/comments?post=16"}],"version-history":[{"count":0,"href":"https:\/\/dianajoao.pt\/sf-aac\/wp-json\/wp\/v2\/pages\/16\/revisions"}],"wp:attachment":[{"href":"https:\/\/dianajoao.pt\/sf-aac\/wp-json\/wp\/v2\/media?parent=16"}],"curies":[{"name":"wp","href":"https:\/\/api.w.org\/{rel}","templated":true}]}}