{"id":1620,"date":"2023-07-01T23:32:43","date_gmt":"2023-07-01T23:32:43","guid":{"rendered":"https:\/\/localhost\/sf-aac\/?page_id=1620"},"modified":"2023-07-01T23:32:43","modified_gmt":"2023-07-01T23:32:43","slug":"links","status":"publish","type":"page","link":"https:\/\/dianajoao.pt\/sf-aac\/links\/","title":{"rendered":"Links"},"content":{"rendered":"\t\t<div data-elementor-type=\"wp-page\" data-elementor-id=\"1620\" class=\"elementor elementor-1620\">\n\t\t\t\t\t\t<section class=\"elementor-section elementor-top-section elementor-element elementor-element-12459b8 elementor-section-boxed elementor-section-height-default elementor-section-height-default\" data-id=\"12459b8\" data-element_type=\"section\">\n\t\t\t\t\t\t<div class=\"elementor-container elementor-column-gap-default\">\n\t\t\t\t\t<div class=\"elementor-column elementor-col-100 elementor-top-column elementor-element elementor-element-2bfb4df\" data-id=\"2bfb4df\" data-element_type=\"column\">\n\t\t\t<div class=\"elementor-widget-wrap elementor-element-populated\">\n\t\t\t\t\t\t<div class=\"elementor-element elementor-element-b035c9c elementor-widget elementor-widget-heading\" data-id=\"b035c9c\" data-element_type=\"widget\" data-widget_type=\"heading.default\">\n\t\t\t\t<div class=\"elementor-widget-container\">\n\t\t\t<style>\/*! elementor - v3.19.0 - 07-02-2024 *\/\n.elementor-heading-title{padding:0;margin:0;line-height:1}.elementor-widget-heading .elementor-heading-title[class*=elementor-size-]>a{color:inherit;font-size:inherit;line-height:inherit}.elementor-widget-heading .elementor-heading-title.elementor-size-small{font-size:15px}.elementor-widget-heading .elementor-heading-title.elementor-size-medium{font-size:19px}.elementor-widget-heading .elementor-heading-title.elementor-size-large{font-size:29px}.elementor-widget-heading .elementor-heading-title.elementor-size-xl{font-size:39px}.elementor-widget-heading .elementor-heading-title.elementor-size-xxl{font-size:59px}<\/style><h2 class=\"elementor-heading-title elementor-size-default\">Links \u00fateis:<\/h2>\t\t<\/div>\n\t\t\t\t<\/div>\n\t\t\t\t<section class=\"elementor-section elementor-inner-section elementor-element elementor-element-86ab7ee elementor-section-boxed elementor-section-height-default elementor-section-height-default\" data-id=\"86ab7ee\" data-element_type=\"section\">\n\t\t\t\t\t\t<div class=\"elementor-container elementor-column-gap-default\">\n\t\t\t\t\t<div class=\"elementor-column elementor-col-50 elementor-inner-column elementor-element elementor-element-efe5a3a\" data-id=\"efe5a3a\" data-element_type=\"column\">\n\t\t\t<div class=\"elementor-widget-wrap elementor-element-populated\">\n\t\t\t\t\t\t<div class=\"elementor-element elementor-element-5114d42 elementor-widget elementor-widget-text-editor\" data-id=\"5114d42\" data-element_type=\"widget\" data-widget_type=\"text-editor.default\">\n\t\t\t\t<div class=\"elementor-widget-container\">\n\t\t\t<style>\/*! elementor - v3.19.0 - 07-02-2024 *\/\n.elementor-widget-text-editor.elementor-drop-cap-view-stacked .elementor-drop-cap{background-color:#69727d;color:#fff}.elementor-widget-text-editor.elementor-drop-cap-view-framed .elementor-drop-cap{color:#69727d;border:3px solid;background-color:transparent}.elementor-widget-text-editor:not(.elementor-drop-cap-view-default) .elementor-drop-cap{margin-top:8px}.elementor-widget-text-editor:not(.elementor-drop-cap-view-default) .elementor-drop-cap-letter{width:1em;height:1em}.elementor-widget-text-editor .elementor-drop-cap{float:left;text-align:center;line-height:1;font-size:50px}.elementor-widget-text-editor .elementor-drop-cap-letter{display:inline-block}<\/style>\t\t\t\t<ul>\n \t<li><a href=\"https:\/\/www.popphoto.com\" target=\"_blank\" rel=\"noopener\">Pop Photo<\/a><\/li>\n \t<li><a href=\"https:\/\/www.theblowupgallery.com\" target=\"_blank\" rel=\"noopener\">Blow Up Gallery<\/a><\/li>\n \t<li><a href=\"https:\/\/actuphoto.com\" target=\"_blank\" rel=\"noopener\">Actu Photo<\/a><\/li>\n \t<li><a href=\"http:\/\/www.luminous-lint.com\/app\/home\/\" target=\"_blank\" rel=\"noopener\">Luminous<\/a><\/li>\n \t<li><a href=\"https:\/\/steidl.de\" target=\"_blank\" rel=\"noopener\">Steidl<\/a><\/li>\n \t<li><a href=\"https:\/\/thephotographersgallery.org.uk\" target=\"_blank\" rel=\"noopener\">The Photographer\u2019s Gallery<\/a><\/li>\n \t<li><a href=\"https:\/\/www.rencontres-arles.com\" target=\"_blank\" rel=\"noopener\">Recontres D\u00b4Arles<\/a><\/li>\n \t<li><a href=\"https:\/\/www.phe.es\" target=\"_blank\" rel=\"noopener\">Photo Espa\u00f1a<\/a><\/li>\n \t<li><a href=\"https:\/\/www.adobe.com\" target=\"_blank\" rel=\"noopener\">ADOBE TV<\/a><\/li>\n \t<li><a href=\"https:\/\/cpf.pt\" target=\"_blank\" rel=\"noopener\">Centro Portugu\u00eas de Fotografia<\/a><\/li>\n<\/ul>\t\t\t\t\t\t<\/div>\n\t\t\t\t<\/div>\n\t\t\t\t\t<\/div>\n\t\t<\/div>\n\t\t\t\t<div class=\"elementor-column elementor-col-50 elementor-inner-column elementor-element elementor-element-dc12b1a\" data-id=\"dc12b1a\" data-element_type=\"column\">\n\t\t\t<div class=\"elementor-widget-wrap elementor-element-populated\">\n\t\t\t\t\t\t<div class=\"elementor-element elementor-element-17cdcba elementor-widget elementor-widget-text-editor\" data-id=\"17cdcba\" data-element_type=\"widget\" data-widget_type=\"text-editor.default\">\n\t\t\t\t<div class=\"elementor-widget-container\">\n\t\t\t\t\t\t\t<ul>\n \t<li><a href=\"https:\/\/foto-r3.com\/es\/\" target=\"_blank\" rel=\"noopener\">FOTO R3<\/a><\/li>\n \t<li><a href=\"https:\/\/www.bhphotovideo.com\" target=\"_blank\" rel=\"noopener\">B&amp;H Photo, Video &amp; Pro Audio<\/a><\/li>\n \t<li><a href=\"https:\/\/camarasecompanhia.com\/pt\/\" target=\"_blank\" rel=\"noopener\">C\u00e2maras &amp; Companhia<\/a><\/li>\n \t<li><a href=\"https:\/\/petapixel.com\" target=\"_blank\" rel=\"noopener\">PetaPixel<\/a><\/li>\n \t<li><a href=\"https:\/\/digital-photography-school.com\" target=\"_blank\" rel=\"noopener\">Digital Photography School<\/a><\/li>\n \t<li><a href=\"https:\/\/www.1854.photography\" target=\"_blank\" rel=\"noopener\">British Journal of Photography<\/a><\/li>\n \t<li><a href=\"https:\/\/www.dpmag.com\" target=\"_blank\" rel=\"noopener\">Digital Photography Magazine<\/a><\/li>\n \t<li><a href=\"https:\/\/www.digitalphotopro.com\" target=\"_blank\" rel=\"noopener\">Digital Photo Pro<\/a><\/li>\n \t<li><a href=\"https:\/\/www.estacao-imagem.com\/pt\/\" target=\"_blank\" rel=\"noopener\">Esta\u00e7\u00e3o Imagem<\/a><\/li>\n \t<li><a href=\"https:\/\/www.lensculture.com\" target=\"_blank\" rel=\"noopener\">Lens Culture<\/a><\/li>\n<\/ul>\t\t\t\t\t\t<\/div>\n\t\t\t\t<\/div>\n\t\t\t\t\t<\/div>\n\t\t<\/div>\n\t\t\t\t\t<\/div>\n\t\t<\/section>\n\t\t\t\t\t<\/div>\n\t\t<\/div>\n\t\t\t\t\t<\/div>\n\t\t<\/section>\n\t\t\t\t<\/div>\n\t\t","protected":false},"excerpt":{"rendered":"<p>Links \u00fateis: Pop Photo Blow Up Gallery Actu Photo Luminous Steidl The Photographer\u2019s Gallery Recontres D\u00b4Arles Photo Espa\u00f1a ADOBE TV Centro Portugu\u00eas de Fotografia FOTO R3 B&amp;H Photo, Video &amp; Pro Audio C\u00e2maras &amp; Companhia PetaPixel Digital Photography School British Journal of Photography Digital Photography Magazine Digital Photo Pro Esta\u00e7\u00e3o Imagem Lens Culture<\/p>\n","protected":false},"author":1,"featured_media":0,"parent":0,"menu_order":0,"comment_status":"closed","ping_status":"closed","template":"","meta":{"footnotes":""},"class_list":["post-1620","page","type-page","status-publish","hentry","entry"],"_links":{"self":[{"href":"https:\/\/dianajoao.pt\/sf-aac\/wp-json\/wp\/v2\/pages\/1620","targetHints":{"allow":["GET"]}}],"collection":[{"href":"https:\/\/dianajoao.pt\/sf-aac\/wp-json\/wp\/v2\/pages"}],"about":[{"href":"https:\/\/dianajoao.pt\/sf-aac\/wp-json\/wp\/v2\/types\/page"}],"author":[{"embeddable":true,"href":"https:\/\/dianajoao.pt\/sf-aac\/wp-json\/wp\/v2\/users\/1"}],"replies":[{"embeddable":true,"href":"https:\/\/dianajoao.pt\/sf-aac\/wp-json\/wp\/v2\/comments?post=1620"}],"version-history":[{"count":0,"href":"https:\/\/dianajoao.pt\/sf-aac\/wp-json\/wp\/v2\/pages\/1620\/revisions"}],"wp:attachment":[{"href":"https:\/\/dianajoao.pt\/sf-aac\/wp-json\/wp\/v2\/media?parent=1620"}],"curies":[{"name":"wp","href":"https:\/\/api.w.org\/{rel}","templated":true}]}}